{"id":7015,"date":"2020-10-24T09:19:29","date_gmt":"2020-10-24T09:19:29","guid":{"rendered":"http:\/\/localhost\/testsite01\/?page_id=7015"},"modified":"2020-12-09T09:57:14","modified_gmt":"2020-12-09T08:57:14","slug":"gianni-candido-the-inspiration-of-lightness","status":"publish","type":"page","link":"https:\/\/giannicandido.art\/index.php\/gianni-candido-the-inspiration-of-lightness\/","title":{"rendered":"Gianni Candido &#8211; The Inspiration of Lightness"},"content":{"rendered":"<div  style='height:70px' class='hr hr-invisible   avia-builder-el-0  el_before_av_one_fifth  avia-builder-el-first '><span class='hr-inner ' ><span class='hr-inner-style'><\/span><\/span><\/div>\n<div class=\"flex_column av_one_fifth  flex_column_div av-zero-column-padding first  avia-builder-el-1  el_after_av_hr  el_before_av_three_fifth  \" style='border-radius:0px; '><\/div>\n<div class=\"flex_column av_three_fifth  flex_column_div av-zero-column-padding   avia-builder-el-2  el_after_av_one_fifth  el_before_av_hr  \" style='border-radius:0px; '><section class=\"av_textblock_section \"  itemscope=\"itemscope\" itemtype=\"https:\/\/schema.org\/CreativeWork\" ><div class='avia_textblock  '   itemprop=\"text\" ><h1>Poetic Space: The Inspiration of Lightness<\/h1>\n<\/div><\/section><br \/>\n<div  class='avia-video avia-video-16-9   av-lazyload-immediate  av-lazyload-video-embed  '   itemprop=\"video\" itemtype=\"https:\/\/schema.org\/VideoObject\"  data-original_url='https:\/\/www.youtube.com\/watch?v=aE8Ze8huM5Q' ><script type='text\/html' class='av-video-tmpl'><div class='avia-iframe-wrap'><iframe title=\"Espace Po\u00e9tique - L&#039;Inspiration de la L\u00e9g\u00e8ret\u00e9\" width=\"1500\" height=\"844\" src=\"https:\/\/www.youtube.com\/embed\/aE8Ze8huM5Q?feature=oembed&autoplay=0&loop=0&controls=1&mute=0\" frameborder=\"0\" allow=\"accelerometer; autoplay; clipboard-write; encrypted-media; gyroscope; picture-in-picture\" allowfullscreen><\/iframe><\/div><\/script><div class='av-click-to-play-overlay'><div class=\"avia_playpause_icon\"><\/div><\/div><\/div><\/p><\/div><div  style='height:80px' class='hr hr-invisible   avia-builder-el-5  el_after_av_three_fifth  el_before_av_one_fifth '><span class='hr-inner ' ><span class='hr-inner-style'><\/span><\/span><\/div><\/p>\n<div class=\"flex_column av_one_fifth  flex_column_div av-zero-column-padding first  avia-builder-el-6  el_after_av_hr  el_before_av_one_half  \" style='border-radius:0px; '><\/div>\n<div class=\"flex_column av_one_half  flex_column_div av-zero-column-padding   avia-builder-el-7  el_after_av_one_fifth  el_before_av_one_fourth  \" style='border-radius:0px; '><div  class='avia-image-container avia_animated_image avia_animate_when_almost_visible fade-in av-styling-    avia-builder-el-8  avia-builder-el-no-sibling  avia-align-center '  itemprop=\"image\" itemscope=\"itemscope\" itemtype=\"https:\/\/schema.org\/ImageObject\"  ><div class='avia-image-container-inner'><div class='avia-image-overlay-wrap'><a href='https:\/\/giannicandido.art\/wp-content\/uploads\/2020\/11\/040-1030x808.jpg' class='avia_image'  ><img class='avia_image ' src='https:\/\/giannicandido.art\/wp-content\/uploads\/2020\/11\/040-1030x808.jpg' alt='Gianni Candido, Art, gallery, galleries, curators, art buyer, contemporary art' title='Gianni Candido - THE INSPIRATION OF LIGHTNESS'  itemprop=\"thumbnailUrl\"  \/><\/a><\/div><\/div><\/div><\/div>\n<div class=\"flex_column av_one_fourth  flex_column_div av-zero-column-padding   avia-builder-el-9  el_after_av_one_half  el_before_av_one_full  \" style='border-radius:0px; '><p><div  style='height:30px' class='hr hr-invisible   avia-builder-el-10  el_before_av_heading  avia-builder-el-first '><span class='hr-inner ' ><span class='hr-inner-style'><\/span><\/span><\/div><br \/>\n<div  style='padding-bottom:10px; ' class='av-special-heading av-special-heading-h3    avia-builder-el-11  el_after_av_hr  el_before_av_textblock  '><h3 class='av-special-heading-tag '  itemprop=\"headline\"  >Few Of Us<\/h3><div class='special-heading-border'><div class='special-heading-inner-border' ><\/div><\/div><\/div><br \/>\n<section class=\"av_textblock_section \"  itemscope=\"itemscope\" itemtype=\"https:\/\/schema.org\/CreativeWork\" ><div class='avia_textblock  '   itemprop=\"text\" ><h4>Poetic Space: THE INSPIRATION OF LIGHTNESS<\/h4>\n<p>Aluminium print with handmade shadow box.<\/p>\n<p>Mixed technique: photography, poetry, calligraphy.<\/p>\n<p>150cm x 110cm<\/p>\n<\/div><\/section><\/p><\/div>\n<div class=\"flex_column av_one_full  flex_column_div av-zero-column-padding first  avia-builder-el-13  el_after_av_one_fourth  el_before_av_one_fifth  column-top-margin\" style='border-radius:0px; '><div  style='height:120px' class='hr hr-invisible   avia-builder-el-14  avia-builder-el-no-sibling '><span class='hr-inner ' ><span class='hr-inner-style'><\/span><\/span><\/div><\/div>\n<div class=\"flex_column av_one_fifth  flex_column_div av-zero-column-padding first  avia-builder-el-15  el_after_av_one_full  el_before_av_two_fifth  column-top-margin\" style='border-radius:0px; '><\/div>\n<div class=\"flex_column av_two_fifth  flex_column_div av-zero-column-padding   avia-builder-el-16  el_after_av_one_fifth  el_before_av_one_third  column-top-margin\" style='border-radius:0px; '><div  class='avia-image-container avia_animated_image avia_animate_when_almost_visible fade-in av-styling-    avia-builder-el-17  avia-builder-el-no-sibling  avia-align-center '  itemprop=\"image\" itemscope=\"itemscope\" itemtype=\"https:\/\/schema.org\/ImageObject\"  ><div class='avia-image-container-inner'><div class='avia-image-overlay-wrap'><a href='https:\/\/giannicandido.art\/wp-content\/uploads\/2020\/11\/INSPIRATION-OF-LIGHTNESS-03-2-808x1030.jpg' class='avia_image'  ><img class='avia_image ' src='https:\/\/giannicandido.art\/wp-content\/uploads\/2020\/11\/INSPIRATION-OF-LIGHTNESS-03-2-808x1030.jpg' alt='Gianni Candido, Art, gallery, galleries, curators, art buyer, contemporary art' title='Gianni Candido - THE INSPIRATION OF LIGHTNESS'  itemprop=\"thumbnailUrl\"  \/><\/a><\/div><\/div><\/div><\/div>\n<div class=\"flex_column av_one_third  flex_column_div av-zero-column-padding   avia-builder-el-18  el_after_av_two_fifth  el_before_av_one_full  column-top-margin\" style='border-radius:0px; '><p><div  style='height:30px' class='hr hr-invisible   avia-builder-el-19  el_before_av_textblock  avia-builder-el-first '><span class='hr-inner ' ><span class='hr-inner-style'><\/span><\/span><\/div><br \/>\n<section class=\"av_textblock_section \"  itemscope=\"itemscope\" itemtype=\"https:\/\/schema.org\/CreativeWork\" ><div class='avia_textblock  '   itemprop=\"text\" ><h3>The One Who Take Care Of Us<\/h3>\n<\/div><\/section><br \/>\n<section class=\"av_textblock_section \"  itemscope=\"itemscope\" itemtype=\"https:\/\/schema.org\/CreativeWork\" ><div class='avia_textblock  '   itemprop=\"text\" ><h4>Poetic Space: THE INSPIRATION OF LIGHTNESS<\/h4>\n<p>Aluminium print with handmade shadow box.<\/p>\n<p>Mixed technique: photography, poetry, calligraphy.<\/p>\n<p>150cm x 110cm<\/p>\n<\/div><\/section><\/p><\/div>\n<div class=\"flex_column av_one_full  flex_column_div av-zero-column-padding first  avia-builder-el-22  el_after_av_one_third  el_before_av_one_fifth  column-top-margin\" style='border-radius:0px; '><div  style='height:120px' class='hr hr-invisible   avia-builder-el-23  avia-builder-el-no-sibling '><span class='hr-inner ' ><span class='hr-inner-style'><\/span><\/span><\/div><\/div>\n<div class=\"flex_column av_one_fifth  flex_column_div av-zero-column-padding first  avia-builder-el-24  el_after_av_one_full  el_before_av_two_fifth  column-top-margin\" style='border-radius:0px; '><\/div>\n<div class=\"flex_column av_two_fifth  flex_column_div av-zero-column-padding   avia-builder-el-25  el_after_av_one_fifth  el_before_av_one_third  column-top-margin\" style='border-radius:0px; '><div  class='avia-image-container avia_animated_image avia_animate_when_almost_visible fade-in av-styling-    avia-builder-el-26  avia-builder-el-no-sibling  avia-align-center '  itemprop=\"image\" itemscope=\"itemscope\" itemtype=\"https:\/\/schema.org\/ImageObject\"  ><div class='avia-image-container-inner'><div class='avia-image-overlay-wrap'><a href='https:\/\/giannicandido.art\/wp-content\/uploads\/2020\/11\/INSPIRATION-OF-LIGHTNESS-02-2-808x1030.jpg' class='avia_image'  ><img class='avia_image ' src='https:\/\/giannicandido.art\/wp-content\/uploads\/2020\/11\/INSPIRATION-OF-LIGHTNESS-02-2-808x1030.jpg' alt='Gianni Candido, Art, gallery, galleries, curators, art buyer, contemporary art' title='Gianni Candido - THE INSPIRATION OF LIGHTNESS'  itemprop=\"thumbnailUrl\"  \/><\/a><\/div><\/div><\/div><\/div>\n<div class=\"flex_column av_one_third  flex_column_div av-zero-column-padding   avia-builder-el-27  el_after_av_two_fifth  el_before_av_one_full  column-top-margin\" style='border-radius:0px; '><p><div  style='height:30px' class='hr hr-invisible   avia-builder-el-28  el_before_av_textblock  avia-builder-el-first '><span class='hr-inner ' ><span class='hr-inner-style'><\/span><\/span><\/div><br \/>\n<section class=\"av_textblock_section \"  itemscope=\"itemscope\" itemtype=\"https:\/\/schema.org\/CreativeWork\" ><div class='avia_textblock  '   itemprop=\"text\" ><h3>Few Minutes Before The Embrace<\/h3>\n<\/div><\/section><br \/>\n<section class=\"av_textblock_section \"  itemscope=\"itemscope\" itemtype=\"https:\/\/schema.org\/CreativeWork\" ><div class='avia_textblock  '   itemprop=\"text\" ><h4>Poetic Space: THE INSPIRATION OF LIGHTNESS<\/h4>\n<p>Aluminium print with handmade shadow box.<\/p>\n<p>Mixed technique: photography, poetry, calligraphy.<\/p>\n<p>150cm x 110cm<\/p>\n<\/div><\/section><\/p><\/div>\n<div class=\"flex_column av_one_full  flex_column_div av-zero-column-padding first  avia-builder-el-31  el_after_av_one_third  el_before_av_one_fifth  column-top-margin\" style='border-radius:0px; '><div  style='height:120px' class='hr hr-invisible   avia-builder-el-32  avia-builder-el-no-sibling '><span class='hr-inner ' ><span class='hr-inner-style'><\/span><\/span><\/div><\/div>\n<div class=\"flex_column av_one_fifth  flex_column_div av-zero-column-padding first  avia-builder-el-33  el_after_av_one_full  el_before_av_two_fifth  column-top-margin\" style='border-radius:0px; '><\/div>\n<div class=\"flex_column av_two_fifth  flex_column_div av-zero-column-padding   avia-builder-el-34  el_after_av_one_fifth  el_before_av_one_third  column-top-margin\" style='border-radius:0px; '><div  class='avia-image-container avia_animated_image avia_animate_when_almost_visible fade-in av-styling-    avia-builder-el-35  avia-builder-el-no-sibling  avia-align-center '  itemprop=\"image\" itemscope=\"itemscope\" itemtype=\"https:\/\/schema.org\/ImageObject\"  ><div class='avia-image-container-inner'><div class='avia-image-overlay-wrap'><a href='https:\/\/giannicandido.art\/wp-content\/uploads\/2020\/11\/INSPIRATION-OF-LIGHTNESS-05-2-808x1030.jpg' class='avia_image'  ><img class='avia_image ' src='https:\/\/giannicandido.art\/wp-content\/uploads\/2020\/11\/INSPIRATION-OF-LIGHTNESS-05-2-808x1030.jpg' alt='Gianni Candido, Art, gallery, galleries, curators, art buyer, contemporary art' title='Gianni Candido - THE INSPIRATION OF LIGHTNESS'  itemprop=\"thumbnailUrl\"  \/><\/a><\/div><\/div><\/div><\/div>\n<div class=\"flex_column av_one_third  flex_column_div av-zero-column-padding   avia-builder-el-36  el_after_av_two_fifth  el_before_av_one_full  column-top-margin\" style='border-radius:0px; '><p><div  style='height:30px' class='hr hr-invisible   avia-builder-el-37  el_before_av_textblock  avia-builder-el-first '><span class='hr-inner ' ><span class='hr-inner-style'><\/span><\/span><\/div><br \/>\n<section class=\"av_textblock_section \"  itemscope=\"itemscope\" itemtype=\"https:\/\/schema.org\/CreativeWork\" ><div class='avia_textblock  '   itemprop=\"text\" ><h3>What I Saw In The Wind<\/h3>\n<\/div><\/section><br \/>\n<section class=\"av_textblock_section \"  itemscope=\"itemscope\" itemtype=\"https:\/\/schema.org\/CreativeWork\" ><div class='avia_textblock  '   itemprop=\"text\" ><h3>Poetic Space: THE INSPIRATION OF LIGHTNESS<\/h3>\n<p>Aluminium print with handmade shadow box.<\/p>\n<p>Mixed technique: photography, poetry, calligraphy.<\/p>\n<p>150cm x 110cm<\/p>\n<\/div><\/section><\/p><\/div>\n<div class=\"flex_column av_one_full  flex_column_div av-zero-column-padding first  avia-builder-el-40  el_after_av_one_third  avia-builder-el-last  column-top-margin\" style='border-radius:0px; '><\/div>\n","protected":false},"excerpt":{"rendered":"","protected":false},"author":1,"featured_media":0,"parent":0,"menu_order":0,"comment_status":"closed","ping_status":"closed","template":"","meta":{"_monsterinsights_skip_tracking":false,"_monsterinsights_sitenote_active":false,"_monsterinsights_sitenote_note":"","_monsterinsights_sitenote_category":0},"yoast_head":"<!-- This site is optimized with the Yoast SEO plugin v15.3 - https:\/\/yoast.com\/wordpress\/plugins\/seo\/ -->\n<title>Gianni Candido - The Inspiration of Lightness -<\/title>\n<meta name=\"description\" content=\"Gianni Candido - Poetic Space The Inspiration of Lightness. Discover the artworks of this serie showcasing the inspiration we can get from the lightness.\" \/>\n<meta name=\"robots\" content=\"index, follow, max-snippet:-1, max-image-preview:large, max-video-preview:-1\" \/>\n<link rel=\"canonical\" href=\"https:\/\/giannicandido.art\/index.php\/gianni-candido-the-inspiration-of-lightness\/\" \/>\n<meta property=\"og:locale\" content=\"en_US\" \/>\n<meta property=\"og:type\" content=\"article\" \/>\n<meta property=\"og:title\" content=\"Gianni Candido - The Inspiration of Lightness -\" \/>\n<meta property=\"og:description\" content=\"Gianni Candido - Poetic Space The Inspiration of Lightness. Discover the artworks of this serie showcasing the inspiration we can get from the lightness.\" \/>\n<meta property=\"og:url\" content=\"https:\/\/giannicandido.art\/index.php\/gianni-candido-the-inspiration-of-lightness\/\" \/>\n<meta property=\"article:publisher\" content=\"https:\/\/www.facebook.com\/gianni.candido.artist\/\" \/>\n<meta property=\"article:modified_time\" content=\"2020-12-09T08:57:14+00:00\" \/>\n<meta name=\"twitter:card\" content=\"summary_large_image\" \/>\n<meta name=\"twitter:label1\" content=\"Written by\">\n\t<meta name=\"twitter:data1\" content=\"admin3941\">\n\t<meta name=\"twitter:label2\" content=\"Est. reading time\">\n\t<meta name=\"twitter:data2\" content=\"14 minutes\">\n<script type=\"application\/ld+json\" class=\"yoast-schema-graph\">{\"@context\":\"https:\/\/schema.org\",\"@graph\":[{\"@type\":\"Organization\",\"@id\":\"https:\/\/giannicandido.art\/#organization\",\"name\":\"Gianni Candido\",\"url\":\"https:\/\/giannicandido.art\/\",\"sameAs\":[\"https:\/\/www.facebook.com\/gianni.candido.artist\/\",\"https:\/\/www.instagram.com\/gianni_candido_artwork\/\",\"https:\/\/www.linkedin.com\/in\/giannicandido\/\",\"https:\/\/www.youtube.com\/channel\/UCNHLzxPoJ9jO6ZO2ce7Rgug?view_as=subscriber\"],\"logo\":{\"@type\":\"ImageObject\",\"@id\":\"https:\/\/giannicandido.art\/#logo\",\"inLanguage\":\"en-US\",\"url\":\"https:\/\/giannicandido.art\/wp-content\/uploads\/2020\/07\/AUTOPORTRAIT-02-1.jpg\",\"width\":400,\"height\":400,\"caption\":\"Gianni Candido\"},\"image\":{\"@id\":\"https:\/\/giannicandido.art\/#logo\"}},{\"@type\":\"WebSite\",\"@id\":\"https:\/\/giannicandido.art\/#website\",\"url\":\"https:\/\/giannicandido.art\/\",\"name\":\"\",\"description\":\"Gianni candido | Art photography\",\"publisher\":{\"@id\":\"https:\/\/giannicandido.art\/#organization\"},\"potentialAction\":[{\"@type\":\"SearchAction\",\"target\":\"https:\/\/giannicandido.art\/?s={search_term_string}\",\"query-input\":\"required name=search_term_string\"}],\"inLanguage\":\"en-US\"},{\"@type\":[\"WebPage\",\"ItemPage\"],\"@id\":\"https:\/\/giannicandido.art\/index.php\/gianni-candido-the-inspiration-of-lightness\/#webpage\",\"url\":\"https:\/\/giannicandido.art\/index.php\/gianni-candido-the-inspiration-of-lightness\/\",\"name\":\"Gianni Candido - The Inspiration of Lightness -\",\"isPartOf\":{\"@id\":\"https:\/\/giannicandido.art\/#website\"},\"datePublished\":\"2020-10-24T09:19:29+00:00\",\"dateModified\":\"2020-12-09T08:57:14+00:00\",\"description\":\"Gianni Candido - Poetic Space The Inspiration of Lightness. Discover the artworks of this serie showcasing the inspiration we can get from the lightness.\",\"inLanguage\":\"en-US\",\"potentialAction\":[{\"@type\":\"ReadAction\",\"target\":[\"https:\/\/giannicandido.art\/index.php\/gianni-candido-the-inspiration-of-lightness\/\"]}]}]}<\/script>\n<!-- \/ Yoast SEO plugin. -->","_links":{"self":[{"href":"https:\/\/giannicandido.art\/index.php\/wp-json\/wp\/v2\/pages\/7015"}],"collection":[{"href":"https:\/\/giannicandido.art\/index.php\/wp-json\/wp\/v2\/pages"}],"about":[{"href":"https:\/\/giannicandido.art\/index.php\/wp-json\/wp\/v2\/types\/page"}],"author":[{"embeddable":true,"href":"https:\/\/giannicandido.art\/index.php\/wp-json\/wp\/v2\/users\/1"}],"replies":[{"embeddable":true,"href":"https:\/\/giannicandido.art\/index.php\/wp-json\/wp\/v2\/comments?post=7015"}],"version-history":[{"count":7,"href":"https:\/\/giannicandido.art\/index.php\/wp-json\/wp\/v2\/pages\/7015\/revisions"}],"predecessor-version":[{"id":9807,"href":"https:\/\/giannicandido.art\/index.php\/wp-json\/wp\/v2\/pages\/7015\/revisions\/9807"}],"wp:attachment":[{"href":"https:\/\/giannicandido.art\/index.php\/wp-json\/wp\/v2\/media?parent=7015"}],"curies":[{"name":"wp","href":"https:\/\/api.w.org\/{rel}","templated":true}]}}